{"id":445,"date":"2025-01-20T05:36:16","date_gmt":"2025-01-20T05:36:16","guid":{"rendered":"https:\/\/iranscarts.com\/?page_id=445"},"modified":"2026-03-25T08:09:49","modified_gmt":"2026-03-25T08:09:49","slug":"kontakt","status":"publish","type":"page","link":"https:\/\/iranscarts.com\/en\/kontakt\/","title":{"rendered":"Contact"},"content":{"rendered":"<div data-elementor-type=\"wp-page\" data-elementor-id=\"445\" class=\"elementor elementor-445\">\n\t\t\t\t<div class=\"elementor-element elementor-element-5851542 e-flex e-con-boxed e-con e-parent\" data-id=\"5851542\" data-element_type=\"container\" data-e-type=\"container\">\n\t\t\t\t\t<div class=\"e-con-inner\">\n\t\t\t\t<div class=\"elementor-element elementor-element-b0d903a elementor-widget elementor-widget-heading\" data-id=\"b0d903a\" data-element_type=\"widget\" data-e-type=\"widget\" data-widget_type=\"heading.default\">\n\t\t\t\t<div class=\"elementor-widget-container\">\n\t\t\t\t\t<h1 class=\"elementor-heading-title elementor-size-default\">There's a lot of ways to contact me!<\/h1>\t\t\t\t<\/div>\n\t\t\t\t<\/div>\n\t\t\t\t\t<\/div>\n\t\t\t\t<\/div>\n\t\t<div class=\"elementor-element elementor-element-7e3af00 e-flex e-con-boxed e-con e-parent\" data-id=\"7e3af00\" data-element_type=\"container\" data-e-type=\"container\" data-settings=\"{&quot;background_background&quot;:&quot;classic&quot;}\">\n\t\t\t\t\t<div class=\"e-con-inner\">\n\t\t\t\t<div class=\"elementor-element elementor-element-f265a99 elementor-widget elementor-widget-text-editor\" data-id=\"f265a99\" data-element_type=\"widget\" data-e-type=\"widget\" data-widget_type=\"text-editor.default\">\n\t\t\t\t<div class=\"elementor-widget-container\">\n\t\t\t\t\t\t\t\t\t<p data-start=\"110\" data-end=\"226\"><strong>Got a question or just want to say hi? \ud83d\ude0a<\/strong><\/p><p data-start=\"228\" data-end=\"455\">I\u2019d love to hear from you! Whether it\u2019s about a custom piece, an order, or just to chat about art, feel free to reach out. I\u2019ll get back to you as soon as possible!<\/p><p data-start=\"457\" data-end=\"480\">Here\u2019s how you can contact me:<\/p>\t\t\t\t\t\t\t\t<\/div>\n\t\t\t\t<\/div>\n\t\t\t\t\t<\/div>\n\t\t\t\t<\/div>\n\t\t<div class=\"elementor-element elementor-element-476116e e-flex e-con-boxed e-con e-parent\" data-id=\"476116e\" data-element_type=\"container\" data-e-type=\"container\" data-settings=\"{&quot;background_background&quot;:&quot;classic&quot;}\">\n\t\t\t\t\t<div class=\"e-con-inner\">\n\t\t\t\t<div class=\"elementor-element elementor-element-f45186e elementor-widget elementor-widget-shortcode\" data-id=\"f45186e\" data-element_type=\"widget\" data-e-type=\"widget\" data-widget_type=\"shortcode.default\">\n\t\t\t\t<div class=\"elementor-widget-container\">\n\t\t\t\t\t\t\t<div class=\"elementor-shortcode\"><div class=\"forminator-ui forminator-custom-form forminator-custom-form-1660 forminator-design--material  forminator_ajax\" data-forminator-render=\"0\" data-form=\"forminator-module-1660\" data-uid=\"69e230e31248d\"><br\/><\/div><form\n\t\t\t\tid=\"forminator-module-1660\"\n\t\t\t\tclass=\"forminator-ui forminator-custom-form forminator-custom-form-1660 forminator-design--material  forminator_ajax\"\n\t\t\t\tmethod=\"post\"\n\t\t\t\tdata-forminator-render=\"0\"\n\t\t\t\tdata-form-id=\"1660\"\n\t\t\t\t data-color-option=\"theme\" data-design=\"material\" data-grid=\"open\" style=\"display: none;\"\n\t\t\t\tdata-uid=\"69e230e31248d\" action=\"\"\n\t\t\t><div role=\"alert\" aria-live=\"polite\" class=\"forminator-response-message forminator-error\" aria-hidden=\"true\"><\/div><div class=\"forminator-row\"><div id=\"name-1\" class=\"forminator-field-name forminator-col forminator-col-12\"><div class=\"forminator-field\"><label for=\"forminator-field-name-1_69e230e31248d\" id=\"forminator-field-name-1_69e230e31248d-label\" class=\"forminator-label\">Name <span class=\"forminator-required\">*<\/span><\/label><input type=\"text\" name=\"name-1\" value=\"\" placeholder=\"\" id=\"forminator-field-name-1_69e230e31248d\" class=\"forminator-input forminator-name--field\" aria-required=\"true\" autocomplete=\"name\" \/><\/div><\/div><\/div><div class=\"forminator-row\"><div id=\"email-1\" class=\"forminator-field-email forminator-col forminator-col-12\"><div class=\"forminator-field\"><label for=\"forminator-field-email-1_69e230e31248d\" id=\"forminator-field-email-1_69e230e31248d-label\" class=\"forminator-label\">E-Mail <span class=\"forminator-required\">*<\/span><\/label><input type=\"email\" name=\"email-1\" value=\"\" placeholder=\"\" id=\"forminator-field-email-1_69e230e31248d\" class=\"forminator-input forminator-email--field\" data-required=\"true\" aria-required=\"true\" autocomplete=\"email\" \/><\/div><\/div><\/div><div class=\"forminator-row\"><div id=\"radio-1\" class=\"forminator-field-radio forminator-col forminator-col-12\"><div role=\"radiogroup\" class=\"forminator-field\" aria-labelledby=\"forminator-radiogroup-radio-1-69e230e31248d-label\"><span id=\"forminator-radiogroup-radio-1-69e230e31248d-label\" class=\"forminator-label\">Liste der Techniken<\/span><label id=\"forminator-field-radio-1-label-1\" for=\"forminator-field-radio-1-1-69e230e31248d\" class=\"forminator-radio forminator-radio-inline\" title=\"Graphite\"><input type=\"radio\" name=\"radio-1\" value=\"one\" id=\"forminator-field-radio-1-1-69e230e31248d\" aria-labelledby=\"forminator-field-radio-1-label-1\" data-calculation=\"0\"   data-hidden-behavior=\"zero\"\/><span class=\"forminator-radio-bullet\" aria-hidden=\"true\"><\/span><span class=\"forminator-radio-label\">Graphite<\/span><\/label><label id=\"forminator-field-radio-1-label-2\" for=\"forminator-field-radio-1-2-69e230e31248d\" class=\"forminator-radio forminator-radio-inline\" title=\"Acrylic\"><input type=\"radio\" name=\"radio-1\" value=\"two\" id=\"forminator-field-radio-1-2-69e230e31248d\" aria-labelledby=\"forminator-field-radio-1-label-2\" data-calculation=\"0\"   data-hidden-behavior=\"zero\"\/><span class=\"forminator-radio-bullet\" aria-hidden=\"true\"><\/span><span class=\"forminator-radio-label\">Acrylic<\/span><\/label><label id=\"forminator-field-radio-1-label-3\" for=\"forminator-field-radio-1-3-69e230e31248d\" class=\"forminator-radio forminator-radio-inline\" title=\"Oil\"><input type=\"radio\" name=\"radio-1\" value=\"\u00d6l\" id=\"forminator-field-radio-1-3-69e230e31248d\" aria-labelledby=\"forminator-field-radio-1-label-3\" data-calculation=\"0\"   data-hidden-behavior=\"zero\"\/><span class=\"forminator-radio-bullet\" aria-hidden=\"true\"><\/span><span class=\"forminator-radio-label\">Oil<\/span><\/label><label id=\"forminator-field-radio-1-label-4\" for=\"forminator-field-radio-1-4-69e230e31248d\" class=\"forminator-radio forminator-radio-inline\" title=\"Other Options\"><input type=\"radio\" name=\"radio-1\" value=\"Andere-Optionen\" id=\"forminator-field-radio-1-4-69e230e31248d\" aria-labelledby=\"forminator-field-radio-1-label-4\" data-calculation=\"0\"   data-hidden-behavior=\"zero\"\/><span class=\"forminator-radio-bullet\" aria-hidden=\"true\"><\/span><span class=\"forminator-radio-label\">Other Options<\/span><\/label><\/div><\/div><\/div><div class=\"forminator-row\"><div id=\"textarea-1\" class=\"forminator-field-textarea forminator-col forminator-col-12\"><div class=\"forminator-field\"><label for=\"forminator-field-textarea-1_69e230e31248d\" id=\"forminator-field-textarea-1_69e230e31248d-label\" class=\"forminator-label\">Mensaje<\/label><textarea name=\"textarea-1\" placeholder=\"Introduce tu mensaje...\" id=\"forminator-field-textarea-1_69e230e31248d\" class=\"forminator-textarea\" rows=\"6\" style=\"min-height:140px;\" maxlength=\"1000\" ><\/textarea><span id=\"forminator-field-textarea-1_69e230e31248d-description\" class=\"forminator-description\"><span data-limit=\"1000\" data-type=\"characters\" data-editor=\"\">0 \/ 1000<\/span><\/span><\/div><\/div><\/div><div class=\"forminator-row\"><div id=\"captcha-1\" class=\"forminator-field-captcha forminator-col forminator-col-12\"><div class=\"forminator-captcha-left forminator-g-recaptcha recaptcha-invisible\" data-theme=\"light\" data-badge=\"inline\" data-sitekey=\"6Lf7BOcqAAAAAANs3lIfuikl7CotVi3KVC0gQUjg\" data-size=\"invisible\"><\/div> <\/div><\/div><input type=\"hidden\" name=\"referer_url\" value=\"\" \/><div class=\"forminator-row forminator-row-last\"><div class=\"forminator-col\"><div class=\"forminator-field\"><button class=\"forminator-button forminator-button-submit\"><span>Send it!<\/span><span aria-hidden=\"true\"><\/span><\/button><\/div><\/div><\/div><input type=\"hidden\" id=\"forminator_nonce\" name=\"forminator_nonce\" value=\"df8a6d0013\" \/><input type=\"hidden\" name=\"_wp_http_referer\" value=\"\/en\/wp-json\/wp\/v2\/pages\/445\" \/><input type=\"hidden\" name=\"form_id\" value=\"1660\"><input type=\"hidden\" name=\"page_id\" value=\"445\"><input type=\"hidden\" name=\"form_type\" value=\"default\"><input type=\"hidden\" name=\"current_url\" value=\"https:\/\/iranscarts.com\/en\/kontakt\/\"><input type=\"hidden\" name=\"render_id\" value=\"0\"><input type=\"hidden\" name=\"action\" value=\"forminator_submit_form_custom-forms\"><label for=\"input_5\" class=\"forminator-hidden\" aria-hidden=\"true\">Please do not fill in this field. <input id=\"input_5\" type=\"text\" name=\"input_5\" value=\"\" autocomplete=\"off\"><\/label><input type=\"hidden\" name=\"trp-form-language\" value=\"en\"\/><\/form><\/div>\n\t\t\t\t\t\t<\/div>\n\t\t\t\t<\/div>\n\t\t\t\t\t<\/div>\n\t\t\t\t<\/div>\n\t\t<div class=\"elementor-element elementor-element-dc2b5c2 e-flex e-con-boxed e-con e-parent\" data-id=\"dc2b5c2\" data-element_type=\"container\" data-e-type=\"container\" data-settings=\"{&quot;background_background&quot;:&quot;classic&quot;}\">\n\t\t\t\t\t<div class=\"e-con-inner\">\n\t\t<div class=\"elementor-element elementor-element-4a0faa7 e-con-full e-flex e-con e-child\" data-id=\"4a0faa7\" data-element_type=\"container\" data-e-type=\"container\">\n\t\t\t\t<div class=\"elementor-element elementor-element-7cbb921 elementor-widget elementor-widget-text-editor\" data-id=\"7cbb921\" data-element_type=\"widget\" data-e-type=\"widget\" data-widget_type=\"text-editor.default\">\n\t\t\t\t<div class=\"elementor-widget-container translation-block\">If you\u2019re one of those who prefer to <strong>use your own email<\/strong> account:<\/div>\n\t\t\t\t<\/div>\n\t\t\t\t<div class=\"elementor-element elementor-element-319d163 elementor-widget elementor-widget-heading\" data-id=\"319d163\" data-element_type=\"widget\" data-e-type=\"widget\" data-widget_type=\"heading.default\">\n\t\t\t\t<div class=\"elementor-widget-container\">\n\t\t\t\t\t<h4 class=\"elementor-heading-title elementor-size-default\"><a href=\"mailto:hello@iranscarts.com\">hello@iranscarts.com<\/a><\/h4>\t\t\t\t<\/div>\n\t\t\t\t<\/div>\n\t\t\t\t<\/div>\n\t\t<div class=\"elementor-element elementor-element-7091c97 e-con-full e-flex e-con e-child\" data-id=\"7091c97\" data-element_type=\"container\" data-e-type=\"container\">\n\t\t\t\t<div class=\"elementor-element elementor-element-9845554 elementor-widget elementor-widget-text-editor\" data-id=\"9845554\" data-element_type=\"widget\" data-e-type=\"widget\" data-widget_type=\"text-editor.default\">\n\t\t\t\t<div class=\"elementor-widget-container translation-block\">If you prefer <strong>social media<\/strong>, you can easily find me on <strong>Instagram<\/strong>:<\/div>\n\t\t\t\t<\/div>\n\t\t\t\t<div class=\"elementor-element elementor-element-646a498 elementor-align-center elementor-widget elementor-widget-button\" data-id=\"646a498\" data-element_type=\"widget\" data-e-type=\"widget\" id=\"instagram-bg\" data-widget_type=\"button.default\">\n\t\t\t\t<div class=\"elementor-widget-container\">\n\t\t\t\t\t\t\t\t\t<div class=\"elementor-button-wrapper\">\n\t\t\t\t\t<a class=\"elementor-button elementor-button-link elementor-size-sm\" href=\"https:\/\/www.instagram.com\/iransc.arts\/\" target=\"_blank\">\n\t\t\t\t\t\t<span class=\"elementor-button-content-wrapper\">\n\t\t\t\t\t\t\t\t\t<span class=\"elementor-button-text\">Go to my Instagram Site!<\/span>\n\t\t\t\t\t<\/span>\n\t\t\t\t\t<\/a>\n\t\t\t\t<\/div>\n\t\t\t\t\t\t\t\t<\/div>\n\t\t\t\t<\/div>\n\t\t\t\t<\/div>\n\t\t\t\t\t<\/div>\n\t\t\t\t<\/div>\n\t\t<div class=\"elementor-element elementor-element-ed038fd e-flex e-con-boxed e-con e-parent\" data-id=\"ed038fd\" data-element_type=\"container\" data-e-type=\"container\" data-settings=\"{&quot;background_background&quot;:&quot;classic&quot;}\">\n\t\t\t\t\t<div class=\"e-con-inner\">\n\t\t\t\t<div class=\"elementor-element elementor-element-0305f43 elementor-widget elementor-widget-text-editor\" data-id=\"0305f43\" data-element_type=\"widget\" data-e-type=\"widget\" data-widget_type=\"text-editor.default\">\n\t\t\t\t<div class=\"elementor-widget-container\">\n\t\t\t\t\t\t\t\t\t<p data-start=\"105\" data-end=\"152\" class=\"translation-block\">I\u2019ll do my best to get back to you as soon as possible! Whether it\u2019s to help with a question, sort something out, or just have a good chat, I\u2019m happy to hear from you. Talk soon! \ud83d\ude0a<\/p>\t\t\t\t\t\t\t\t<\/div>\n\t\t\t\t<\/div>\n\t\t\t\t\t<\/div>\n\t\t\t\t<\/div>\n\t\t\t\t<\/div>","protected":false},"excerpt":{"rendered":"<p>Es gibt viele Wege, mit mir in Kontakt zu treten! Du hast eine Frage oder m\u00f6chtest einfach nur Hallo sagen? [&hellip;]<\/p>\n","protected":false},"author":1,"featured_media":0,"parent":0,"menu_order":0,"comment_status":"closed","ping_status":"closed","template":"","meta":{"_eb_attr":"","site-sidebar-layout":"no-sidebar","site-content-layout":"","ast-site-content-layout":"full-width-container","site-content-style":"default","site-sidebar-style":"default","ast-global-header-display":"","ast-banner-title-visibility":"","ast-main-header-display":"","ast-hfb-above-header-display":"","ast-hfb-below-header-display":"","ast-hfb-mobile-header-display":"","site-post-title":"disabled","ast-breadcrumbs-content":"","ast-featured-img":"disabled","footer-sml-layout":"","ast-disable-related-posts":"","theme-transparent-header-meta":"","adv-header-id-meta":"","stick-header-meta":"","header-above-stick-meta":"","header-main-stick-meta":"","header-below-stick-meta":"","astra-migrate-meta-layouts":"default","ast-page-background-enabled":"default","ast-page-background-meta":{"desktop":{"background-color":"var(--ast-global-color-4)","background-image":"","background-repeat":"repeat","background-position":"center center","background-size":"auto","background-attachment":"scroll","background-type":"","background-media":"","overlay-type":"","overlay-color":"","overlay-opacity":"","overlay-gradient":""},"tablet":{"background-color":"","background-image":"","background-repeat":"repeat","background-position":"center center","background-size":"auto","background-attachment":"scroll","background-type":"","background-media":"","overlay-type":"","overlay-color":"","overlay-opacity":"","overlay-gradient":""},"mobile":{"background-color":"","background-image":"","background-repeat":"repeat","background-position":"center center","background-size":"auto","background-attachment":"scroll","background-type":"","background-media":"","overlay-type":"","overlay-color":"","overlay-opacity":"","overlay-gradient":""}},"ast-content-background-meta":{"desktop":{"background-color":"var(--ast-global-color-5)","background-image":"","background-repeat":"repeat","background-position":"center center","background-size":"auto","background-attachment":"scroll","background-type":"","background-media":"","overlay-type":"","overlay-color":"","overlay-opacity":"","overlay-gradient":""},"tablet":{"background-color":"var(--ast-global-color-5)","background-image":"","background-repeat":"repeat","background-position":"center center","background-size":"auto","background-attachment":"scroll","background-type":"","background-media":"","overlay-type":"","overlay-color":"","overlay-opacity":"","overlay-gradient":""},"mobile":{"background-color":"var(--ast-global-color-5)","background-image":"","background-repeat":"repeat","background-position":"center center","background-size":"auto","background-attachment":"scroll","background-type":"","background-media":"","overlay-type":"","overlay-color":"","overlay-opacity":"","overlay-gradient":""}},"iawp_total_views":68,"footnotes":""},"class_list":["post-445","page","type-page","status-publish","hentry"],"yoast_head":"<!-- This site is optimized with the Yoast SEO plugin v27.4 - https:\/\/yoast.com\/product\/yoast-seo-wordpress\/ -->\n<title>Kontakt &amp; Auftragsanfragen \u2013 IranSCArts<\/title>\n<meta name=\"description\" content=\"Kontaktiere IranSCArts f\u00fcr pers\u00f6nliche Portr\u00e4tauftr\u00e4ge, Fragen zu Werken oder Fine Art Prints. Auftr\u00e4ge aus aller Welt willkommen.\" \/>\n<meta name=\"robots\" content=\"index, follow, max-snippet:-1, max-image-preview:large, max-video-preview:-1\" \/>\n<link rel=\"canonical\" href=\"https:\/\/iranscarts.com\/en\/kontakt\/\" \/>\n<meta property=\"og:locale\" content=\"en_US\" \/>\n<meta property=\"og:type\" content=\"article\" \/>\n<meta property=\"og:title\" content=\"Contact IranSCArts \u2013 Commissions &amp; Questions\" \/>\n<meta property=\"og:description\" content=\"Get in touch with IranSCArts for portrait commissions, artwork purchases or any questions. Based in Heidelberg, working worldwide.\" \/>\n<meta property=\"og:url\" content=\"https:\/\/iranscarts.com\/en\/kontakt\/\" \/>\n<meta property=\"og:site_name\" content=\"IranSCArts\" \/>\n<meta property=\"article:modified_time\" content=\"2026-03-25T08:09:49+00:00\" \/>\n<meta property=\"og:image\" content=\"https:\/\/iranscarts.com\/wp-content\/uploads\/2026\/03\/irantzu-portraetzeichnerin-heidelberg-iranscarts.jpeg\" \/>\n\t<meta property=\"og:image:width\" content=\"567\" \/>\n\t<meta property=\"og:image:height\" content=\"944\" \/>\n\t<meta property=\"og:image:type\" content=\"image\/jpeg\" \/>\n<meta name=\"twitter:card\" content=\"summary_large_image\" \/>\n<meta name=\"twitter:title\" content=\"Contact IranSCArts \u2013 Commissions &amp; Questions\" \/>\n<meta name=\"twitter:description\" content=\"Get in touch with IranSCArts for portrait commissions, artwork purchases or any questions. Based in Heidelberg, working worldwide.\" \/>\n<meta name=\"twitter:image\" content=\"https:\/\/iranscarts.com\/wp-content\/uploads\/2026\/03\/irantzu-portraetzeichnerin-heidelberg-iranscarts.jpeg\" \/>\n<meta name=\"twitter:label1\" content=\"Est. reading time\" \/>\n\t<meta name=\"twitter:data1\" content=\"1 minute\" \/>\n<script type=\"application\/ld+json\" class=\"yoast-schema-graph\">{\"@context\":\"https:\\\/\\\/schema.org\",\"@graph\":[{\"@type\":\"WebPage\",\"@id\":\"https:\\\/\\\/iranscarts.com\\\/kontakt\\\/\",\"url\":\"https:\\\/\\\/iranscarts.com\\\/kontakt\\\/\",\"name\":\"Kontakt & Auftragsanfragen \u2013 IranSCArts\",\"isPartOf\":{\"@id\":\"https:\\\/\\\/iranscarts.com\\\/#website\"},\"datePublished\":\"2025-01-20T05:36:16+00:00\",\"dateModified\":\"2026-03-25T08:09:49+00:00\",\"description\":\"Kontaktiere IranSCArts f\u00fcr pers\u00f6nliche Portr\u00e4tauftr\u00e4ge, Fragen zu Werken oder Fine Art Prints. Auftr\u00e4ge aus aller Welt willkommen.\",\"breadcrumb\":{\"@id\":\"https:\\\/\\\/iranscarts.com\\\/kontakt\\\/#breadcrumb\"},\"inLanguage\":\"en-US\",\"potentialAction\":[{\"@type\":\"ReadAction\",\"target\":[\"https:\\\/\\\/iranscarts.com\\\/kontakt\\\/\"]}]},{\"@type\":\"BreadcrumbList\",\"@id\":\"https:\\\/\\\/iranscarts.com\\\/kontakt\\\/#breadcrumb\",\"itemListElement\":[{\"@type\":\"ListItem\",\"position\":1,\"name\":\"Portada\",\"item\":\"https:\\\/\\\/iranscarts.com\\\/\"},{\"@type\":\"ListItem\",\"position\":2,\"name\":\"Kontakt\"}]},{\"@type\":\"WebSite\",\"@id\":\"https:\\\/\\\/iranscarts.com\\\/#website\",\"url\":\"https:\\\/\\\/iranscarts.com\\\/\",\"name\":\"IranSCArts\",\"description\":\"Handmade portraits &amp; paintings by Irantzu \u2013 Heidelberg\",\"publisher\":{\"@id\":\"https:\\\/\\\/iranscarts.com\\\/#\\\/schema\\\/person\\\/3e1e4904e06cd5ed646941e37c4e7e27\"},\"alternateName\":\"IranSC Arts\",\"potentialAction\":[{\"@type\":\"SearchAction\",\"target\":{\"@type\":\"EntryPoint\",\"urlTemplate\":\"https:\\\/\\\/iranscarts.com\\\/?s={search_term_string}\"},\"query-input\":{\"@type\":\"PropertyValueSpecification\",\"valueRequired\":true,\"valueName\":\"search_term_string\"}}],\"inLanguage\":\"en-US\"},{\"@type\":[\"Person\",\"Organization\"],\"@id\":\"https:\\\/\\\/iranscarts.com\\\/#\\\/schema\\\/person\\\/3e1e4904e06cd5ed646941e37c4e7e27\",\"name\":\"Irantzu Suberviola\",\"pronouns\":\"she\\\/her\",\"image\":{\"@type\":\"ImageObject\",\"inLanguage\":\"en-US\",\"@id\":\"https:\\\/\\\/iranscarts.com\\\/wp-content\\\/uploads\\\/2026\\\/03\\\/irantzu-portraetzeichnerin-heidelberg-iranscarts.jpeg\",\"url\":\"https:\\\/\\\/iranscarts.com\\\/wp-content\\\/uploads\\\/2026\\\/03\\\/irantzu-portraetzeichnerin-heidelberg-iranscarts.jpeg\",\"contentUrl\":\"https:\\\/\\\/iranscarts.com\\\/wp-content\\\/uploads\\\/2026\\\/03\\\/irantzu-portraetzeichnerin-heidelberg-iranscarts.jpeg\",\"width\":567,\"height\":944,\"caption\":\"Irantzu Suberviola\"},\"logo\":{\"@id\":\"https:\\\/\\\/iranscarts.com\\\/wp-content\\\/uploads\\\/2026\\\/03\\\/irantzu-portraetzeichnerin-heidelberg-iranscarts.jpeg\"},\"description\":\"Portrait artist and painter based in Heidelberg, Germany. Specialising in graphite pencil portraits, acrylic and oil paintings. Open to commissions worldwide.\",\"sameAs\":[\"https:\\\/\\\/iranscarts.com\",\"https:\\\/\\\/www.instagram.com\\\/iransc.arts\\\/\"]}]}<\/script>\n<!-- \/ Yoast SEO plugin. -->","yoast_head_json":{"title":"Kontakt & Auftragsanfragen \u2013 IranSCArts","description":"Kontaktiere IranSCArts f\u00fcr pers\u00f6nliche Portr\u00e4tauftr\u00e4ge, Fragen zu Werken oder Fine Art Prints. Auftr\u00e4ge aus aller Welt willkommen.","robots":{"index":"index","follow":"follow","max-snippet":"max-snippet:-1","max-image-preview":"max-image-preview:large","max-video-preview":"max-video-preview:-1"},"canonical":"https:\/\/iranscarts.com\/en\/kontakt\/","og_locale":"en_US","og_type":"article","og_title":"Contact IranSCArts \u2013 Commissions & Questions","og_description":"Get in touch with IranSCArts for portrait commissions, artwork purchases or any questions. Based in Heidelberg, working worldwide.","og_url":"https:\/\/iranscarts.com\/en\/kontakt\/","og_site_name":"IranSCArts","article_modified_time":"2026-03-25T08:09:49+00:00","og_image":[{"width":567,"height":944,"url":"https:\/\/iranscarts.com\/wp-content\/uploads\/2026\/03\/irantzu-portraetzeichnerin-heidelberg-iranscarts.jpeg","type":"image\/jpeg"}],"twitter_card":"summary_large_image","twitter_title":"Contact IranSCArts \u2013 Commissions & Questions","twitter_description":"Get in touch with IranSCArts for portrait commissions, artwork purchases or any questions. Based in Heidelberg, working worldwide.","twitter_image":"https:\/\/iranscarts.com\/wp-content\/uploads\/2026\/03\/irantzu-portraetzeichnerin-heidelberg-iranscarts.jpeg","twitter_misc":{"Est. reading time":"1 minute"},"schema":{"@context":"https:\/\/schema.org","@graph":[{"@type":"WebPage","@id":"https:\/\/iranscarts.com\/kontakt\/","url":"https:\/\/iranscarts.com\/kontakt\/","name":"Kontakt & Auftragsanfragen \u2013 IranSCArts","isPartOf":{"@id":"https:\/\/iranscarts.com\/#website"},"datePublished":"2025-01-20T05:36:16+00:00","dateModified":"2026-03-25T08:09:49+00:00","description":"Kontaktiere IranSCArts f\u00fcr pers\u00f6nliche Portr\u00e4tauftr\u00e4ge, Fragen zu Werken oder Fine Art Prints. Auftr\u00e4ge aus aller Welt willkommen.","breadcrumb":{"@id":"https:\/\/iranscarts.com\/kontakt\/#breadcrumb"},"inLanguage":"en-US","potentialAction":[{"@type":"ReadAction","target":["https:\/\/iranscarts.com\/kontakt\/"]}]},{"@type":"BreadcrumbList","@id":"https:\/\/iranscarts.com\/kontakt\/#breadcrumb","itemListElement":[{"@type":"ListItem","position":1,"name":"Portada","item":"https:\/\/iranscarts.com\/"},{"@type":"ListItem","position":2,"name":"Kontakt"}]},{"@type":"WebSite","@id":"https:\/\/iranscarts.com\/#website","url":"https:\/\/iranscarts.com\/","name":"IranSCArts","description":"Handmade portraits &amp; paintings by Irantzu \u2013 Heidelberg","publisher":{"@id":"https:\/\/iranscarts.com\/#\/schema\/person\/3e1e4904e06cd5ed646941e37c4e7e27"},"alternateName":"IranSC Arts","potentialAction":[{"@type":"SearchAction","target":{"@type":"EntryPoint","urlTemplate":"https:\/\/iranscarts.com\/?s={search_term_string}"},"query-input":{"@type":"PropertyValueSpecification","valueRequired":true,"valueName":"search_term_string"}}],"inLanguage":"en-US"},{"@type":["Person","Organization"],"@id":"https:\/\/iranscarts.com\/#\/schema\/person\/3e1e4904e06cd5ed646941e37c4e7e27","name":"Irantzu Suberviola","pronouns":"she\/her","image":{"@type":"ImageObject","inLanguage":"en-US","@id":"https:\/\/iranscarts.com\/wp-content\/uploads\/2026\/03\/irantzu-portraetzeichnerin-heidelberg-iranscarts.jpeg","url":"https:\/\/iranscarts.com\/wp-content\/uploads\/2026\/03\/irantzu-portraetzeichnerin-heidelberg-iranscarts.jpeg","contentUrl":"https:\/\/iranscarts.com\/wp-content\/uploads\/2026\/03\/irantzu-portraetzeichnerin-heidelberg-iranscarts.jpeg","width":567,"height":944,"caption":"Irantzu Suberviola"},"logo":{"@id":"https:\/\/iranscarts.com\/wp-content\/uploads\/2026\/03\/irantzu-portraetzeichnerin-heidelberg-iranscarts.jpeg"},"description":"Portrait artist and painter based in Heidelberg, Germany. Specialising in graphite pencil portraits, acrylic and oil paintings. Open to commissions worldwide.","sameAs":["https:\/\/iranscarts.com","https:\/\/www.instagram.com\/iransc.arts\/"]}]}},"_links":{"self":[{"href":"https:\/\/iranscarts.com\/en\/wp-json\/wp\/v2\/pages\/445","targetHints":{"allow":["GET"]}}],"collection":[{"href":"https:\/\/iranscarts.com\/en\/wp-json\/wp\/v2\/pages"}],"about":[{"href":"https:\/\/iranscarts.com\/en\/wp-json\/wp\/v2\/types\/page"}],"author":[{"embeddable":true,"href":"https:\/\/iranscarts.com\/en\/wp-json\/wp\/v2\/users\/1"}],"replies":[{"embeddable":true,"href":"https:\/\/iranscarts.com\/en\/wp-json\/wp\/v2\/comments?post=445"}],"version-history":[{"count":99,"href":"https:\/\/iranscarts.com\/en\/wp-json\/wp\/v2\/pages\/445\/revisions"}],"predecessor-version":[{"id":3518,"href":"https:\/\/iranscarts.com\/en\/wp-json\/wp\/v2\/pages\/445\/revisions\/3518"}],"wp:attachment":[{"href":"https:\/\/iranscarts.com\/en\/wp-json\/wp\/v2\/media?parent=445"}],"curies":[{"name":"wp","href":"https:\/\/api.w.org\/{rel}","templated":true}]}}