{"id":4359,"date":"2026-04-13T10:15:08","date_gmt":"2026-04-13T10:15:08","guid":{"rendered":"https:\/\/iranscarts.com\/?page_id=4359"},"modified":"2026-04-13T10:18:17","modified_gmt":"2026-04-13T10:18:17","slug":"dna","status":"publish","type":"page","link":"https:\/\/iranscarts.com\/en\/gemaelde\/dna\/","title":{"rendered":"DNA"},"content":{"rendered":"\t\t<div data-elementor-type=\"wp-post\" data-elementor-id=\"4359\" class=\"elementor elementor-4359\">\n\t\t\t\t<div class=\"elementor-element elementor-element-b8984a8 e-flex e-con-boxed e-con e-parent\" data-id=\"b8984a8\" data-element_type=\"container\" data-e-type=\"container\">\n\t\t\t\t\t<div class=\"e-con-inner\">\n\t\t<div class=\"elementor-element elementor-element-253410d e-con-full e-flex e-con e-child\" data-id=\"253410d\" data-element_type=\"container\" data-e-type=\"container\">\n\t\t\t\t<div class=\"elementor-element elementor-element-586ecdc elementor-arrows-position-inside elementor-pagination-position-outside elementor-widget elementor-widget-image-carousel\" data-id=\"586ecdc\" data-element_type=\"widget\" data-e-type=\"widget\" data-settings=\"{&quot;slides_to_show&quot;:&quot;1&quot;,&quot;navigation&quot;:&quot;both&quot;,&quot;autoplay&quot;:&quot;yes&quot;,&quot;pause_on_hover&quot;:&quot;yes&quot;,&quot;pause_on_interaction&quot;:&quot;yes&quot;,&quot;autoplay_speed&quot;:5000,&quot;infinite&quot;:&quot;yes&quot;,&quot;effect&quot;:&quot;slide&quot;,&quot;speed&quot;:500}\" data-widget_type=\"image-carousel.default\">\n\t\t\t\t<div class=\"elementor-widget-container\">\n\t\t\t\t\t\t\t<div class=\"elementor-image-carousel-wrapper swiper\" role=\"region\" aria-roledescription=\"carousel\" aria-label=\"Golden Currents\" dir=\"ltr\">\n\t\t\t<div class=\"elementor-image-carousel swiper-wrapper\" aria-live=\"off\">\n\t\t\t\t\t\t\t\t<div class=\"swiper-slide\" role=\"group\" aria-roledescription=\"slide\" aria-label=\"1 of 4\"><figure class=\"swiper-slide-inner\"><img decoding=\"async\" class=\"swiper-slide-image\" src=\"https:\/\/iranscarts.com\/wp-content\/uploads\/2026\/04\/DNA-Original-Painting-IranSCArts-Heidelberg-806x1024.jpg\" alt=\"DNA - Original Painting 30x40cms Acrylic and Oil on Canvas - IranSCArts Heidelberg\" \/><\/figure><\/div><div class=\"swiper-slide\" role=\"group\" aria-roledescription=\"slide\" aria-label=\"2 of 4\"><figure class=\"swiper-slide-inner\"><img decoding=\"async\" class=\"swiper-slide-image\" src=\"https:\/\/iranscarts.com\/wp-content\/uploads\/2026\/04\/DNA-Frontal-View-IranSCArts-Heidelber-806x1024.jpg\" alt=\"DNA - Frontal View - IranSCArts Heidelberg\" \/><\/figure><\/div><div class=\"swiper-slide\" role=\"group\" aria-roledescription=\"slide\" aria-label=\"3 of 4\"><figure class=\"swiper-slide-inner\"><img decoding=\"async\" class=\"swiper-slide-image\" src=\"https:\/\/iranscarts.com\/wp-content\/uploads\/2026\/04\/DNA-Detail-IranSCArts-Heidelber-806x1024.jpg\" alt=\"DNA - Detail - IranSCArts Heidelberg\" \/><\/figure><\/div><div class=\"swiper-slide\" role=\"group\" aria-roledescription=\"slide\" aria-label=\"4 of 4\"><figure class=\"swiper-slide-inner\"><img decoding=\"async\" class=\"swiper-slide-image\" src=\"https:\/\/iranscarts.com\/wp-content\/uploads\/2026\/04\/DNA-Process-IranSCArts-Heidelber-806x1024.jpg\" alt=\"DNA - Process - IranSCArts Heidelberg\" \/><\/figure><\/div>\t\t\t<\/div>\n\t\t\t\t\t\t\t\t\t\t\t\t<div class=\"elementor-swiper-button elementor-swiper-button-prev\" role=\"button\" tabindex=\"0\">\n\t\t\t\t\t\t<svg aria-hidden=\"true\" class=\"e-font-icon-svg e-eicon-chevron-left\" viewBox=\"0 0 1000 1000\" xmlns=\"http:\/\/www.w3.org\/2000\/svg\"><path d=\"M646 125C629 125 613 133 604 142L308 442C296 454 292 471 292 487 292 504 296 521 308 533L604 854C617 867 629 875 646 875 663 875 679 871 692 858 704 846 713 829 713 812 713 796 708 779 692 767L438 487 692 225C700 217 708 204 708 187 708 171 704 154 692 142 675 129 663 125 646 125Z\"><\/path><\/svg>\t\t\t\t\t<\/div>\n\t\t\t\t\t<div class=\"elementor-swiper-button elementor-swiper-button-next\" role=\"button\" tabindex=\"0\">\n\t\t\t\t\t\t<svg aria-hidden=\"true\" class=\"e-font-icon-svg e-eicon-chevron-right\" viewBox=\"0 0 1000 1000\" xmlns=\"http:\/\/www.w3.org\/2000\/svg\"><path d=\"M696 533C708 521 713 504 713 487 713 471 708 454 696 446L400 146C388 133 375 125 354 125 338 125 325 129 313 142 300 154 292 171 292 187 292 204 296 221 308 233L563 492 304 771C292 783 288 800 288 817 288 833 296 850 308 863 321 871 338 875 354 875 371 875 388 867 400 854L696 533Z\"><\/path><\/svg>\t\t\t\t\t<\/div>\n\t\t\t\t\n\t\t\t\t\t\t\t\t\t<div class=\"swiper-pagination\"><\/div>\n\t\t\t\t\t\t\t\t\t<\/div>\n\t\t\t\t\t\t<\/div>\n\t\t\t\t<\/div>\n\t\t\t\t<\/div>\n\t\t<div class=\"elementor-element elementor-element-cf410f1 e-con-full e-flex e-con e-child\" data-id=\"cf410f1\" data-element_type=\"container\" data-e-type=\"container\">\n\t\t\t\t<div class=\"elementor-element elementor-element-2670ff0 elementor-widget elementor-widget-heading\" data-id=\"2670ff0\" data-element_type=\"widget\" data-e-type=\"widget\" data-widget_type=\"heading.default\">\n\t\t\t\t<div class=\"elementor-widget-container\">\n\t\t\t\t\t<h1 class=\"elementor-heading-title elementor-size-default\">DNA<\/h1>\t\t\t\t<\/div>\n\t\t\t\t<\/div>\n\t\t\t\t<div class=\"elementor-element elementor-element-ed8c760 elementor-widget elementor-widget-text-editor\" data-id=\"ed8c760\" data-element_type=\"widget\" data-e-type=\"widget\" data-widget_type=\"text-editor.default\">\n\t\t\t\t<div class=\"elementor-widget-container\">\n\t\t\t\t\t\t\t\t\t<ul><li><b>Technik:<\/b> Acryl + \u00d6l auf Leinwand<\/li><li><b>Format:<\/b> 30 \u00d7 40 cm<\/li><li><b>Jahr:<\/b> 2026<\/li><li><b>Status: Verkauft<\/b><\/li><\/ul>\t\t\t\t\t\t\t\t<\/div>\n\t\t\t\t<\/div>\n\t\t\t\t<div class=\"elementor-element elementor-element-b765511 elementor-widget elementor-widget-text-editor\" data-id=\"b765511\" data-element_type=\"widget\" data-e-type=\"widget\" data-widget_type=\"text-editor.default\">\n\t\t\t\t<div class=\"elementor-widget-container\">\n\t\t\t\t\t\t\t\t\t<p class=\"font-claude-response-body break-words whitespace-normal leading-[1.7]\">Die DNA ist der Ursprung von allem. Die kleinste Struktur, die uns definiert, die uns einzigartig macht, die bestimmt, wer wir sind \u2013 noch bevor wir uns dessen bewusst sind.<\/p>\n<p class=\"font-claude-response-body break-words whitespace-normal leading-[1.7]\">Aber DNA ist nicht statisch. Sie ist Bewegung, sie ist Energie, sie ist zur\u00fcckgehaltene Explosion. Diese Doppelhelix, die alles tr\u00e4gt, birgt in sich eine Kraft, die sich nicht immer kontrollieren l\u00e4sst \u2013 und die manchmal einfach nach au\u00dfen dr\u00e4ngt.<\/p>\n<p class=\"font-claude-response-body break-words whitespace-normal leading-[1.7]\">Dieses Werk entstand aus dieser Idee: die Struktur als Ausgangspunkt, das Chaos als nat\u00fcrliche Konsequenz. Was in seiner Mitte geordnet erscheint, l\u00f6st sich auf und explodiert zu den R\u00e4ndern hin. Wie das Leben selbst.<\/p>\n<p class=\"font-claude-response-body break-words whitespace-normal leading-[1.7]\"><em>DNA ist ein Originalgem\u00e4lde in Acryl und \u00d6l auf Leinwand, 30\u00d740cm, entstanden in Heidelberg im Jahr 2026.<\/em><\/p>\t\t\t\t\t\t\t\t<\/div>\n\t\t\t\t<\/div>\n\t\t\t\t<div class=\"elementor-element elementor-element-204ed9c elementor-widget elementor-widget-heading\" data-id=\"204ed9c\" data-element_type=\"widget\" data-e-type=\"widget\" data-widget_type=\"heading.default\">\n\t\t\t\t<div class=\"elementor-widget-container\">\n\t\t\t\t\t<h3 class=\"elementor-heading-title elementor-size-default\"><b>Dieses Werk wurde bereits verkauft.<\/b><br> \nM\u00f6chtest du ein \u00e4hnliches Werk in Auftrag geben?<\/h3>\t\t\t\t<\/div>\n\t\t\t\t<\/div>\n\t\t\t\t<div class=\"elementor-element elementor-element-b7f3d1c elementor-widget elementor-widget-button\" data-id=\"b7f3d1c\" data-element_type=\"widget\" data-e-type=\"widget\" data-widget_type=\"button.default\">\n\t\t\t\t<div class=\"elementor-widget-container\">\n\t\t\t\t\t\t\t\t\t<div class=\"elementor-button-wrapper\">\n\t\t\t\t\t<a class=\"elementor-button elementor-button-link elementor-size-sm\" href=\"\/neue-anfrage\/\">\n\t\t\t\t\t\t<span class=\"elementor-button-content-wrapper\">\n\t\t\t\t\t\t\t\t\t<span class=\"elementor-button-text\">\u00c4hnliches Werk anfragen<\/span>\n\t\t\t\t\t<\/span>\n\t\t\t\t\t<\/a>\n\t\t\t\t<\/div>\n\t\t\t\t\t\t\t\t<\/div>\n\t\t\t\t<\/div>\n\t\t\t\t<div class=\"elementor-element elementor-element-e53c6d8 elementor-widget elementor-widget-text-editor\" data-id=\"e53c6d8\" data-element_type=\"widget\" data-e-type=\"widget\" data-widget_type=\"text-editor.default\">\n\t\t\t\t<div class=\"elementor-widget-container\">\n\t\t\t\t\t\t\t\t\t<p><a href=\"\/gemaelde\/\">\u2190 Zur\u00fcck zu den Gem\u00e4lden<\/a><\/p>\t\t\t\t\t\t\t\t<\/div>\n\t\t\t\t<\/div>\n\t\t\t\t<\/div>\n\t\t\t\t\t<\/div>\n\t\t\t\t<\/div>\n\t\t\t\t<\/div>\n\t\t","protected":false},"excerpt":{"rendered":"<p>DNA Technik: Acryl + \u00d6l auf Leinwand Format: 30 \u00d7 40 cm Jahr: 2026 Status: Verkauft Die DNA ist der [&hellip;]<\/p>\n","protected":false},"author":1,"featured_media":0,"parent":3519,"menu_order":0,"comment_status":"closed","ping_status":"closed","template":"","meta":{"_eb_attr":"","site-sidebar-layout":"no-sidebar","site-content-layout":"","ast-site-content-layout":"full-width-container","site-content-style":"default","site-sidebar-style":"default","ast-global-header-display":"","ast-banner-title-visibility":"","ast-main-header-display":"","ast-hfb-above-header-display":"","ast-hfb-below-header-display":"","ast-hfb-mobile-header-display":"","site-post-title":"","ast-breadcrumbs-content":"","ast-featured-img":"disabled","footer-sml-layout":"","ast-disable-related-posts":"","theme-transparent-header-meta":"","adv-header-id-meta":"","stick-header-meta":"","header-above-stick-meta":"","header-main-stick-meta":"","header-below-stick-meta":"","astra-migrate-meta-layouts":"default","ast-page-background-enabled":"default","ast-page-background-meta":{"desktop":{"background-color":"var(--ast-global-color-4)","background-image":"","background-repeat":"repeat","background-position":"center center","background-size":"auto","background-attachment":"scroll","background-type":"","background-media":"","overlay-type":"","overlay-color":"","overlay-opacity":"","overlay-gradient":""},"tablet":{"background-color":"","background-image":"","background-repeat":"repeat","background-position":"center center","background-size":"auto","background-attachment":"scroll","background-type":"","background-media":"","overlay-type":"","overlay-color":"","overlay-opacity":"","overlay-gradient":""},"mobile":{"background-color":"","background-image":"","background-repeat":"repeat","background-position":"center center","background-size":"auto","background-attachment":"scroll","background-type":"","background-media":"","overlay-type":"","overlay-color":"","overlay-opacity":"","overlay-gradient":""}},"ast-content-background-meta":{"desktop":{"background-color":"var(--ast-global-color-5)","background-image":"","background-repeat":"repeat","background-position":"center center","background-size":"auto","background-attachment":"scroll","background-type":"","background-media":"","overlay-type":"","overlay-color":"","overlay-opacity":"","overlay-gradient":""},"tablet":{"background-color":"var(--ast-global-color-5)","background-image":"","background-repeat":"repeat","background-position":"center center","background-size":"auto","background-attachment":"scroll","background-type":"","background-media":"","overlay-type":"","overlay-color":"","overlay-opacity":"","overlay-gradient":""},"mobile":{"background-color":"var(--ast-global-color-5)","background-image":"","background-repeat":"repeat","background-position":"center center","background-size":"auto","background-attachment":"scroll","background-type":"","background-media":"","overlay-type":"","overlay-color":"","overlay-opacity":"","overlay-gradient":""}},"iawp_total_views":1,"footnotes":""},"class_list":["post-4359","page","type-page","status-publish","hentry"],"yoast_head":"<!-- This site is optimized with the Yoast SEO plugin v27.4 - https:\/\/yoast.com\/product\/yoast-seo-wordpress\/ -->\n<title>DNA \u2013 Original Acryl &amp; \u00d6l Gem\u00e4lde auf Leinwand | IranSCArts<\/title>\n<meta name=\"description\" content=\"DNA \u2013 Acryl und \u00d6l auf Leinwand, 30\u00d740cm. Struktur trifft Chaos. Verkauft \u2013 \u00e4hnliche Auftragsarbeiten m\u00f6glich. IranSCArts Heidelberg.\" \/>\n<meta name=\"robots\" content=\"index, follow, max-snippet:-1, max-image-preview:large, max-video-preview:-1\" \/>\n<link rel=\"canonical\" href=\"https:\/\/iranscarts.com\/en\/gemaelde\/dna\/\" \/>\n<meta property=\"og:locale\" content=\"en_US\" \/>\n<meta property=\"og:type\" content=\"article\" \/>\n<meta property=\"og:title\" content=\"DNA \u2013 Original Acryl &amp; \u00d6l Gem\u00e4lde auf Leinwand | IranSCArts\" \/>\n<meta property=\"og:description\" content=\"DNA \u2013 Acryl und \u00d6l auf Leinwand, 30\u00d740cm. Struktur trifft Chaos. Verkauft \u2013 \u00e4hnliche Auftragsarbeiten m\u00f6glich. IranSCArts Heidelberg.\" \/>\n<meta property=\"og:url\" content=\"https:\/\/iranscarts.com\/en\/gemaelde\/dna\/\" \/>\n<meta property=\"og:site_name\" content=\"IranSCArts\" \/>\n<meta property=\"article:modified_time\" content=\"2026-04-13T10:18:17+00:00\" \/>\n<meta property=\"og:image\" content=\"https:\/\/iranscarts.com\/wp-content\/uploads\/2026\/04\/DNA-Original-Painting-IranSCArts-Heidelberg-806x1024.jpg\" \/>\n<meta name=\"twitter:card\" content=\"summary_large_image\" \/>\n<meta name=\"twitter:label1\" content=\"Est. reading time\" \/>\n\t<meta name=\"twitter:data1\" content=\"2 minutes\" \/>\n<script type=\"application\/ld+json\" class=\"yoast-schema-graph\">{\"@context\":\"https:\\\/\\\/schema.org\",\"@graph\":[{\"@type\":\"WebPage\",\"@id\":\"https:\\\/\\\/iranscarts.com\\\/gemaelde\\\/dna\\\/\",\"url\":\"https:\\\/\\\/iranscarts.com\\\/gemaelde\\\/dna\\\/\",\"name\":\"DNA \u2013 Original Acryl & \u00d6l Gem\u00e4lde auf Leinwand | IranSCArts\",\"isPartOf\":{\"@id\":\"https:\\\/\\\/iranscarts.com\\\/#website\"},\"primaryImageOfPage\":{\"@id\":\"https:\\\/\\\/iranscarts.com\\\/gemaelde\\\/dna\\\/#primaryimage\"},\"image\":{\"@id\":\"https:\\\/\\\/iranscarts.com\\\/gemaelde\\\/dna\\\/#primaryimage\"},\"thumbnailUrl\":\"https:\\\/\\\/iranscarts.com\\\/wp-content\\\/uploads\\\/2026\\\/04\\\/DNA-Original-Painting-IranSCArts-Heidelberg-806x1024.jpg\",\"datePublished\":\"2026-04-13T10:15:08+00:00\",\"dateModified\":\"2026-04-13T10:18:17+00:00\",\"description\":\"DNA \u2013 Acryl und \u00d6l auf Leinwand, 30\u00d740cm. Struktur trifft Chaos. Verkauft \u2013 \u00e4hnliche Auftragsarbeiten m\u00f6glich. IranSCArts Heidelberg.\",\"breadcrumb\":{\"@id\":\"https:\\\/\\\/iranscarts.com\\\/gemaelde\\\/dna\\\/#breadcrumb\"},\"inLanguage\":\"en-US\",\"potentialAction\":[{\"@type\":\"ReadAction\",\"target\":[\"https:\\\/\\\/iranscarts.com\\\/gemaelde\\\/dna\\\/\"]}]},{\"@type\":\"ImageObject\",\"inLanguage\":\"en-US\",\"@id\":\"https:\\\/\\\/iranscarts.com\\\/gemaelde\\\/dna\\\/#primaryimage\",\"url\":\"https:\\\/\\\/iranscarts.com\\\/wp-content\\\/uploads\\\/2026\\\/04\\\/DNA-Original-Painting-IranSCArts-Heidelberg-806x1024.jpg\",\"contentUrl\":\"https:\\\/\\\/iranscarts.com\\\/wp-content\\\/uploads\\\/2026\\\/04\\\/DNA-Original-Painting-IranSCArts-Heidelberg-806x1024.jpg\"},{\"@type\":\"BreadcrumbList\",\"@id\":\"https:\\\/\\\/iranscarts.com\\\/gemaelde\\\/dna\\\/#breadcrumb\",\"itemListElement\":[{\"@type\":\"ListItem\",\"position\":1,\"name\":\"Portada\",\"item\":\"https:\\\/\\\/iranscarts.com\\\/\"},{\"@type\":\"ListItem\",\"position\":2,\"name\":\"Gem\u00e4lde\",\"item\":\"https:\\\/\\\/iranscarts.com\\\/gemaelde\\\/\"},{\"@type\":\"ListItem\",\"position\":3,\"name\":\"DNA\"}]},{\"@type\":\"WebSite\",\"@id\":\"https:\\\/\\\/iranscarts.com\\\/#website\",\"url\":\"https:\\\/\\\/iranscarts.com\\\/\",\"name\":\"IranSCArts\",\"description\":\"Handmade portraits &amp; paintings by Irantzu \u2013 Heidelberg\",\"publisher\":{\"@id\":\"https:\\\/\\\/iranscarts.com\\\/#\\\/schema\\\/person\\\/3e1e4904e06cd5ed646941e37c4e7e27\"},\"alternateName\":\"IranSC Arts\",\"potentialAction\":[{\"@type\":\"SearchAction\",\"target\":{\"@type\":\"EntryPoint\",\"urlTemplate\":\"https:\\\/\\\/iranscarts.com\\\/?s={search_term_string}\"},\"query-input\":{\"@type\":\"PropertyValueSpecification\",\"valueRequired\":true,\"valueName\":\"search_term_string\"}}],\"inLanguage\":\"en-US\"},{\"@type\":[\"Person\",\"Organization\"],\"@id\":\"https:\\\/\\\/iranscarts.com\\\/#\\\/schema\\\/person\\\/3e1e4904e06cd5ed646941e37c4e7e27\",\"name\":\"Irantzu Suberviola\",\"pronouns\":\"she\\\/her\",\"image\":{\"@type\":\"ImageObject\",\"inLanguage\":\"en-US\",\"@id\":\"https:\\\/\\\/iranscarts.com\\\/wp-content\\\/uploads\\\/2026\\\/03\\\/irantzu-portraetzeichnerin-heidelberg-iranscarts.jpeg\",\"url\":\"https:\\\/\\\/iranscarts.com\\\/wp-content\\\/uploads\\\/2026\\\/03\\\/irantzu-portraetzeichnerin-heidelberg-iranscarts.jpeg\",\"contentUrl\":\"https:\\\/\\\/iranscarts.com\\\/wp-content\\\/uploads\\\/2026\\\/03\\\/irantzu-portraetzeichnerin-heidelberg-iranscarts.jpeg\",\"width\":567,\"height\":944,\"caption\":\"Irantzu Suberviola\"},\"logo\":{\"@id\":\"https:\\\/\\\/iranscarts.com\\\/wp-content\\\/uploads\\\/2026\\\/03\\\/irantzu-portraetzeichnerin-heidelberg-iranscarts.jpeg\"},\"description\":\"Portrait artist and painter based in Heidelberg, Germany. Specialising in graphite pencil portraits, acrylic and oil paintings. Open to commissions worldwide.\",\"sameAs\":[\"https:\\\/\\\/iranscarts.com\",\"https:\\\/\\\/www.instagram.com\\\/iransc.arts\\\/\"]}]}<\/script>\n<!-- \/ Yoast SEO plugin. -->","yoast_head_json":{"title":"DNA \u2013 Original Acryl & \u00d6l Gem\u00e4lde auf Leinwand | IranSCArts","description":"DNA \u2013 Acryl und \u00d6l auf Leinwand, 30\u00d740cm. Struktur trifft Chaos. Verkauft \u2013 \u00e4hnliche Auftragsarbeiten m\u00f6glich. IranSCArts Heidelberg.","robots":{"index":"index","follow":"follow","max-snippet":"max-snippet:-1","max-image-preview":"max-image-preview:large","max-video-preview":"max-video-preview:-1"},"canonical":"https:\/\/iranscarts.com\/en\/gemaelde\/dna\/","og_locale":"en_US","og_type":"article","og_title":"DNA \u2013 Original Acryl & \u00d6l Gem\u00e4lde auf Leinwand | IranSCArts","og_description":"DNA \u2013 Acryl und \u00d6l auf Leinwand, 30\u00d740cm. Struktur trifft Chaos. Verkauft \u2013 \u00e4hnliche Auftragsarbeiten m\u00f6glich. IranSCArts Heidelberg.","og_url":"https:\/\/iranscarts.com\/en\/gemaelde\/dna\/","og_site_name":"IranSCArts","article_modified_time":"2026-04-13T10:18:17+00:00","og_image":[{"url":"https:\/\/iranscarts.com\/wp-content\/uploads\/2026\/04\/DNA-Original-Painting-IranSCArts-Heidelberg-806x1024.jpg","type":"","width":"","height":""}],"twitter_card":"summary_large_image","twitter_misc":{"Est. reading time":"2 minutes"},"schema":{"@context":"https:\/\/schema.org","@graph":[{"@type":"WebPage","@id":"https:\/\/iranscarts.com\/gemaelde\/dna\/","url":"https:\/\/iranscarts.com\/gemaelde\/dna\/","name":"DNA \u2013 Original Acryl & \u00d6l Gem\u00e4lde auf Leinwand | IranSCArts","isPartOf":{"@id":"https:\/\/iranscarts.com\/#website"},"primaryImageOfPage":{"@id":"https:\/\/iranscarts.com\/gemaelde\/dna\/#primaryimage"},"image":{"@id":"https:\/\/iranscarts.com\/gemaelde\/dna\/#primaryimage"},"thumbnailUrl":"https:\/\/iranscarts.com\/wp-content\/uploads\/2026\/04\/DNA-Original-Painting-IranSCArts-Heidelberg-806x1024.jpg","datePublished":"2026-04-13T10:15:08+00:00","dateModified":"2026-04-13T10:18:17+00:00","description":"DNA \u2013 Acryl und \u00d6l auf Leinwand, 30\u00d740cm. Struktur trifft Chaos. Verkauft \u2013 \u00e4hnliche Auftragsarbeiten m\u00f6glich. IranSCArts Heidelberg.","breadcrumb":{"@id":"https:\/\/iranscarts.com\/gemaelde\/dna\/#breadcrumb"},"inLanguage":"en-US","potentialAction":[{"@type":"ReadAction","target":["https:\/\/iranscarts.com\/gemaelde\/dna\/"]}]},{"@type":"ImageObject","inLanguage":"en-US","@id":"https:\/\/iranscarts.com\/gemaelde\/dna\/#primaryimage","url":"https:\/\/iranscarts.com\/wp-content\/uploads\/2026\/04\/DNA-Original-Painting-IranSCArts-Heidelberg-806x1024.jpg","contentUrl":"https:\/\/iranscarts.com\/wp-content\/uploads\/2026\/04\/DNA-Original-Painting-IranSCArts-Heidelberg-806x1024.jpg"},{"@type":"BreadcrumbList","@id":"https:\/\/iranscarts.com\/gemaelde\/dna\/#breadcrumb","itemListElement":[{"@type":"ListItem","position":1,"name":"Portada","item":"https:\/\/iranscarts.com\/"},{"@type":"ListItem","position":2,"name":"Gem\u00e4lde","item":"https:\/\/iranscarts.com\/gemaelde\/"},{"@type":"ListItem","position":3,"name":"DNA"}]},{"@type":"WebSite","@id":"https:\/\/iranscarts.com\/#website","url":"https:\/\/iranscarts.com\/","name":"IranSCArts","description":"Handmade portraits &amp; paintings by Irantzu \u2013 Heidelberg","publisher":{"@id":"https:\/\/iranscarts.com\/#\/schema\/person\/3e1e4904e06cd5ed646941e37c4e7e27"},"alternateName":"IranSC Arts","potentialAction":[{"@type":"SearchAction","target":{"@type":"EntryPoint","urlTemplate":"https:\/\/iranscarts.com\/?s={search_term_string}"},"query-input":{"@type":"PropertyValueSpecification","valueRequired":true,"valueName":"search_term_string"}}],"inLanguage":"en-US"},{"@type":["Person","Organization"],"@id":"https:\/\/iranscarts.com\/#\/schema\/person\/3e1e4904e06cd5ed646941e37c4e7e27","name":"Irantzu Suberviola","pronouns":"she\/her","image":{"@type":"ImageObject","inLanguage":"en-US","@id":"https:\/\/iranscarts.com\/wp-content\/uploads\/2026\/03\/irantzu-portraetzeichnerin-heidelberg-iranscarts.jpeg","url":"https:\/\/iranscarts.com\/wp-content\/uploads\/2026\/03\/irantzu-portraetzeichnerin-heidelberg-iranscarts.jpeg","contentUrl":"https:\/\/iranscarts.com\/wp-content\/uploads\/2026\/03\/irantzu-portraetzeichnerin-heidelberg-iranscarts.jpeg","width":567,"height":944,"caption":"Irantzu Suberviola"},"logo":{"@id":"https:\/\/iranscarts.com\/wp-content\/uploads\/2026\/03\/irantzu-portraetzeichnerin-heidelberg-iranscarts.jpeg"},"description":"Portrait artist and painter based in Heidelberg, Germany. Specialising in graphite pencil portraits, acrylic and oil paintings. Open to commissions worldwide.","sameAs":["https:\/\/iranscarts.com","https:\/\/www.instagram.com\/iransc.arts\/"]}]}},"_links":{"self":[{"href":"https:\/\/iranscarts.com\/en\/wp-json\/wp\/v2\/pages\/4359","targetHints":{"allow":["GET"]}}],"collection":[{"href":"https:\/\/iranscarts.com\/en\/wp-json\/wp\/v2\/pages"}],"about":[{"href":"https:\/\/iranscarts.com\/en\/wp-json\/wp\/v2\/types\/page"}],"author":[{"embeddable":true,"href":"https:\/\/iranscarts.com\/en\/wp-json\/wp\/v2\/users\/1"}],"replies":[{"embeddable":true,"href":"https:\/\/iranscarts.com\/en\/wp-json\/wp\/v2\/comments?post=4359"}],"version-history":[{"count":11,"href":"https:\/\/iranscarts.com\/en\/wp-json\/wp\/v2\/pages\/4359\/revisions"}],"predecessor-version":[{"id":4378,"href":"https:\/\/iranscarts.com\/en\/wp-json\/wp\/v2\/pages\/4359\/revisions\/4378"}],"up":[{"embeddable":true,"href":"https:\/\/iranscarts.com\/en\/wp-json\/wp\/v2\/pages\/3519"}],"wp:attachment":[{"href":"https:\/\/iranscarts.com\/en\/wp-json\/wp\/v2\/media?parent=4359"}],"curies":[{"name":"wp","href":"https:\/\/api.w.org\/{rel}","templated":true}]}}